{"id":2190,"date":"2020-11-10T22:24:49","date_gmt":"2020-11-11T03:24:49","guid":{"rendered":"http:\/\/orionexpresscargo.com\/web\/?page_id=2190"},"modified":"2023-12-18T11:05:29","modified_gmt":"2023-12-18T16:05:29","slug":"seguros","status":"publish","type":"page","link":"https:\/\/orionexpresscargo.com\/web\/servicios\/seguros\/","title":{"rendered":"Seguros de Mercanc\u00eda"},"content":{"rendered":"<div class=\"bt_rc_container\"><section id=\"bt_section69ea3586daa90\" data-parallax=\"0.1\" data-parallax-offset=\"0\" class=\"boldSection topExtraSpaced bottomSpaced btDarkSkin gutter btMiddleVertical btParallax wBackground cover\" style=\"background-image:url('https:\/\/orionexpresscargo.com\/web\/wp-content\/uploads\/2015\/09\/train_bckg.jpg');\"><div class=\"port\"><div class=\"boldCell\"><div class=\"boldCellInner\"><div class=\"boldRow \" ><div class=\"rowItem col-md-12 col-ms-12  btTextLeft animate animate-fadein animate-moveleft inherit\"  ><div class=\"rowItemContent\"><header class=\"header btClear extralarge btDash bottomDash  btAccentDash btRegularTitle\" style=\"max-width: 800px;\"><div class=\"dash\"><h1><span class=\"headline\">SEGUROS<\/span><\/h1><\/div><p class=\"btSubTitle\">Aseguramos las cargas de nuestros clientes brindando cobertura puerta-puerta, para as\u00ed proporcionarles tranquilidad con respecto a la protecci\u00f3n de sus mercanc\u00edas.<\/p><\/header><div class=\"btClear btSeparator bottomSemiSpaced noBorder\" ><hr><\/div><div class=\"btBtn btBtn btnFilled btnAccentColor btnSmall btnNormal btnIco\" ><div class=\"btIco borderless extrasmall\"><a href=\"#\"  data-ico-fa=\"&#xf0e5;\" class=\"btIcoHolder\"><span>Contact us<\/span><\/a><\/div><\/div><div class=\"btBtn btBtn btnFilled btnNormalColor btnSmall btnNormal btnIco\" ><div class=\"btIco borderless extrasmall\"><a href=\"#\"  data-ico-cs=\"&#xe61d;\" class=\"btIcoHolder\"><span>Our services<\/span><\/a><\/div><\/div><\/div><\/div><\/div><\/div><\/div><\/div><\/section><section id=\"bt_section69ea3586dace8\"  class=\"boldSection topSpaced bottomSemiSpaced gutter inherit\" ><div class=\"port\"><div class=\"boldCell\"><div class=\"boldCellInner\"><div class=\"boldRow \" ><div class=\"rowItem col-md-9 col-ms-12  btTextLeft\"  ><div class=\"rowItemContent\"><header class=\"header btClear medium  btAccentDash btRegularTitle\" ><div class=\"dash\"><h3><span class=\"headline\">SEGUROS DE MERCANC\u00cdA<\/span><\/h3><\/div><\/header><div class=\"btClear btSeparator topSmallSpaced noBorder\" ><hr><\/div><div class=\"slided smallSliderHeight btSliderHideArrows\"  data-slick='{\"autoplay\":true,\"autoplaySpeed\":3000,\"pauseOnHover\":false,\"pauseOnDotsHover\":true}'><div class=\"slidedItem firstItem\"  data-thumb=\"https:\/\/orionexpresscargo.com\/web\/wp-content\/uploads\/2015\/09\/shutterstock_154792133-320x209.jpg\"><div class=\"btSliderPort wBackground cover\" style=\"background-image: url('https:\/\/orionexpresscargo.com\/web\/wp-content\/uploads\/2015\/09\/shutterstock_154792133.jpg')\"><div class=\"btSliderCell\" data-slick=\"yes\"><div class=\"btSlideGutter\"><div class=\"btSlidePane\"><\/div><\/div><\/div><\/div><\/div><div class=\"slidedItem firstItem\"  data-thumb=\"https:\/\/orionexpresscargo.com\/web\/wp-content\/uploads\/2015\/09\/Harbor-warehouse-320x213.jpg\"><div class=\"btSliderPort wBackground cover\" style=\"background-image: url('https:\/\/orionexpresscargo.com\/web\/wp-content\/uploads\/2015\/09\/Harbor-warehouse.jpg')\"><div class=\"btSliderCell\" data-slick=\"yes\"><div class=\"btSlideGutter\"><div class=\"btSlidePane\"><\/div><\/div><\/div><\/div><\/div><div class=\"slidedItem firstItem\"  data-thumb=\"https:\/\/orionexpresscargo.com\/web\/wp-content\/uploads\/2015\/09\/shutterstock_145340113-320x320.jpg\"><div class=\"btSliderPort wBackground cover\" style=\"background-image: url('https:\/\/orionexpresscargo.com\/web\/wp-content\/uploads\/2015\/09\/shutterstock_145340113.jpg')\"><div class=\"btSliderCell\" data-slick=\"yes\"><div class=\"btSlideGutter\"><div class=\"btSlidePane\"><\/div><\/div><\/div><\/div><\/div><\/div><div class=\"btClear btSeparator topSemiSpaced noBorder\" ><hr><\/div><div class=\"btText\"><ul>\n<li>Asesor\u00eda para la \u00f3ptima toma de las p\u00f3lizas de seguro sobre las mercanc\u00edas de importaci\u00f3n y exportaci\u00f3n.<\/li>\n<li>Seguron nacionales e internacionales derivados del transporte.<\/li>\n<li>Certificados en l\u00ednea.<\/li>\n<\/ul>\n<\/div><\/div><\/div><div class=\"rowItem col-md-3 col-sm-6 col-ms-12 btTextLeft inherit btDoublePadding\"  ><div class=\"rowItemContent\"><header class=\"header btClear small  btAccentDash btRegularTitle\" ><p class=\"btSuperTitle\">READ MORE<\/p><div class=\"dash\"><h4><span class=\"headline\">OTHER SERVICES<\/span><\/h4><\/div><\/header><div class=\"btCustomMenu \" ><div class=\"menu-services-menu-container\"><ul id=\"menu-services-menu\" class=\"menu\"><li id=\"menu-item-1152\" class=\"menu-item menu-item-type-post_type menu-item-object-page menu-item-1152\"><a href=\"https:\/\/orionexpresscargo.com\/web\/servicios\/trucking\/\" title=\"\t\t\t\t\t\t\">Transporte Terrestre<\/a><\/li><li id=\"menu-item-1150\" class=\"menu-item menu-item-type-post_type menu-item-object-page menu-item-1150\"><a href=\"https:\/\/orionexpresscargo.com\/web\/servicios\/fletes-internacionales\/\" title=\"\t\t\t\t\t\t\">Fletes Internacionales<\/a><\/li><li id=\"menu-item-1149\" class=\"menu-item menu-item-type-post_type menu-item-object-page menu-item-1149\"><a href=\"https:\/\/orionexpresscargo.com\/web\/servicios\/aduana\/\" title=\"\t\t\t\t\t\t\">COMERCIO EXTERIOR<\/a><\/li><li id=\"menu-item-2289\" class=\"menu-item menu-item-type-custom menu-item-object-custom menu-item-2289\"><a href=\"http:\/\/orionexpresscargo.com\/web\/currier\/\">CURRIER<\/a><\/li>\n<\/ul><\/div><\/div><div class=\"btClear btSeparator topSemiSpaced noBorder\" ><hr><\/div><div class=\"btClear btSeparator topExtraSmallSpaced noBorder\" ><hr><\/div><div class=\"btClear btSeparator topSpaced noBorder\" ><hr><\/div><header class=\"header btClear small  btAccentDash btRegularTitle\" ><div class=\"dash\"><h4><span class=\"headline\">CONTACT US<\/span><\/h4><\/div><\/header><div class=\"btIconImageRow\" ><div class=\"btIco borderless extrasmall\"><span  data-ico-fa=\"&#xf098;\" class=\"btIcoHolder\"><span>CALL-CENTER:6017441703<\/span><\/span><\/div><\/div><div class=\"btIconImageRow\" ><div class=\"btIco borderless extrasmall\"><span  data-ico-fa=\"&#xf0e0;\" class=\"btIcoHolder\"><span>CORREO:PRICING@ORIONEXPRESSCARGO.COM<\/span><\/span><\/div><\/div><div class=\"btClear btSeparator topSmallSpaced noBorder\" ><hr><\/div><\/div><\/div><\/div><\/div><\/div><\/div><\/section><section id=\"bt_section69ea3586dbf33\"  class=\"boldSection bottomSpaced gutter inherit\" ><div class=\"port\"><div class=\"boldCell\"><div class=\"boldCellInner\"><div class=\"boldRow \" ><div class=\"rowItem col-md-3 col-sm-6 col-ms-12 btTextLeft animate animate-fadein btHighlight inherit\"  ><div class=\"rowItemContent\"><div class=\"btClear btSeparator topSemiSpaced noBorder\" ><hr><\/div><div class=\"servicesItem  mediumIcon borderlessIconType \"><div class=\"sIcon\"><div class=\"btIco medium borderless\"><span  data-ico-cs=\"&#xe629;\" class=\"btIcoHolder\"><\/span><\/div><\/div><div class=\"sTxt\"><header class=\"header btClear extrasmall\" ><div class=\"dash\"><h4><span class=\"headline\">ENVIO<\/span><\/h4><\/div><\/header><p>Como empresa de env\u00edo de mercanc\u00eda, nos encontramos dispuestos a ofrecer un servicio de alta calidad y respaldo a cada uno de sus clientes. Las caracter\u00edsticas m\u00e1s prominentes de nuestra compa\u00f1\u00eda son las siguientes:\r<br>Env\u00edos en el menor tiempo posible\r<br>Confianza en cada una de nuestras entregas\r<br>Red de agentes especializados para brindarles el mayor soporte si lo requieren\r<br>\r\n<br><\/p><\/div><\/div><div class=\"btClear btSeparator topSemiSpaced noBorder\" ><hr><\/div><\/div><\/div><div class=\"rowItem col-md-3 col-sm-6 col-ms-12 btTextLeft animate animate-fadein btHighlight inherit\"  ><div class=\"rowItemContent\"><div class=\"btClear btSeparator topSemiSpaced noBorder\" ><hr><\/div><div class=\"servicesItem  mediumIcon borderlessIconType \"><div class=\"sIcon\"><div class=\"btIco medium borderless\"><span  data-ico-cs=\"&#xe627;\" class=\"btIcoHolder\"><\/span><\/div><\/div><div class=\"sTxt\"><header class=\"header btClear extrasmall\" ><div class=\"dash\"><h4><span class=\"headline\">PROTECTION<\/span><\/h4><\/div><\/header><p>Contamos con la protecci\u00f3n que merece tu mercanc\u00eda<br><\/p><\/div><\/div><div class=\"btClear btSeparator topSemiSpaced noBorder\" ><hr><\/div><\/div><\/div><div class=\"rowItem col-md-3 col-sm-6 col-ms-12 btTextLeft animate animate-fadein btHighlight inherit\"  ><div class=\"rowItemContent\"><div class=\"btClear btSeparator topSemiSpaced noBorder\" ><hr><\/div><div class=\"servicesItem  mediumIcon borderlessIconType \"><div class=\"sIcon\"><div class=\"btIco medium borderless\"><span  data-ico-cs=\"&#xe61c;\" class=\"btIcoHolder\"><\/span><\/div><\/div><div class=\"sTxt\"><header class=\"header btClear extrasmall\" ><div class=\"dash\"><h4><span class=\"headline\">SEGUROS NACIONALES E INTERNACIONALES<\/span><\/h4><\/div><\/header><p>*Seguro de contenedor\r<br>*Blindar su carga de aver\u00eda gruesa\r<br>*Asesor\u00eda para la toma del seguro su carga\r<br>*Brindar tranquilidad requerida minimizando los riesgos\r<br>*Esquemas de seguridad que eliminan los riesgos inherentes a la carga.<br><\/p><\/div><\/div><div class=\"btClear btSeparator topSemiSpaced noBorder\" ><hr><\/div><\/div><\/div><div class=\"rowItem col-md-3 col-sm-6 col-ms-12 btTextLeft animate animate-fadein inherit btDoublePadding\"  ><div class=\"rowItemContent\"><div class=\"btClear btSeparator topSemiSpaced noBorder\" ><hr><\/div><header class=\"header btClear small  btAccentDash btRegularTitle\" ><p class=\"btSuperTitle\">ABOUT OCEAN CARGO<\/p><div class=\"dash\"><h4><span class=\"headline\">MORE DETAILS<\/span><\/h4><\/div><\/header><\/div><\/div><\/div><\/div><\/div><\/div><\/section><section id=\"bt_section69ea3586dc16b\"  class=\"boldSection btDarkSkin gutter inherit\" style=\"background-color:#0b61aa;\"><div class=\"port\"><div class=\"boldCell\"><div class=\"boldCellInner\"><div class=\"boldRow \" ><div class=\"rowItem col-md-12 col-ms-12  btTextLeft\"  ><div class=\"rowItemContent\"><div class=\"btClear btSeparator topSmallSpaced bottomSmallSpaced noBorder\" ><hr><\/div><\/div><\/div><\/div><div class=\"boldRow \" ><div class=\"rowItem col-md-9 col-ms-12  btTextLeft animate animate-fadein animate-moveright btMiddleVertical\"  ><div class=\"rowItemContent\"><header class=\"header btClear medium  btAccentDash btRegularTitle\" ><p class=\"btSuperTitle\">Not sure how much would it cost you?<\/p><div class=\"dash\"><h3><span class=\"headline\">Use our calculator to find out!<\/span><\/h3><\/div><\/header><\/div><\/div><div class=\"rowItem col-md-3 col-sm-6 col-ms-12 btTextRight animate animate-fadein animate-moveleft btMiddleVertical\"  ><div class=\"rowItemContent\"><div class=\"btBtn btBtn btnOutline btnLightColor btnBig btnNormal btnIco\" ><div class=\"btIco borderless extrasmall\"><a href=\"\/transport-company\/services\/cost-calculators\/ocean-cargo-cost-calculator\/\"  data-ico-fa=\"&#xf1ec;\" class=\"btIcoHolder\"><span>Calculator<\/span><\/a><\/div><\/div><\/div><\/div><\/div><div class=\"boldRow \" ><div class=\"rowItem col-md-12 col-ms-12  btTextLeft\"  ><div class=\"rowItemContent\"><div class=\"btClear btSeparator topSmallSpaced bottomSmallSpaced noBorder\" ><hr><\/div><\/div><\/div><\/div><\/div><\/div><\/div><\/section><\/div>","protected":false},"excerpt":{"rendered":"","protected":false},"author":1,"featured_media":0,"parent":56,"menu_order":0,"comment_status":"closed","ping_status":"closed","template":"","meta":{"footnotes":""},"class_list":["post-2190","page","type-page","status-publish","hentry"],"_links":{"self":[{"href":"https:\/\/orionexpresscargo.com\/web\/wp-json\/wp\/v2\/pages\/2190","targetHints":{"allow":["GET"]}}],"collection":[{"href":"https:\/\/orionexpresscargo.com\/web\/wp-json\/wp\/v2\/pages"}],"about":[{"href":"https:\/\/orionexpresscargo.com\/web\/wp-json\/wp\/v2\/types\/page"}],"author":[{"embeddable":true,"href":"https:\/\/orionexpresscargo.com\/web\/wp-json\/wp\/v2\/users\/1"}],"replies":[{"embeddable":true,"href":"https:\/\/orionexpresscargo.com\/web\/wp-json\/wp\/v2\/comments?post=2190"}],"version-history":[{"count":3,"href":"https:\/\/orionexpresscargo.com\/web\/wp-json\/wp\/v2\/pages\/2190\/revisions"}],"predecessor-version":[{"id":2419,"href":"https:\/\/orionexpresscargo.com\/web\/wp-json\/wp\/v2\/pages\/2190\/revisions\/2419"}],"up":[{"embeddable":true,"href":"https:\/\/orionexpresscargo.com\/web\/wp-json\/wp\/v2\/pages\/56"}],"wp:attachment":[{"href":"https:\/\/orionexpresscargo.com\/web\/wp-json\/wp\/v2\/media?parent=2190"}],"curies":[{"name":"wp","href":"https:\/\/api.w.org\/{rel}","templated":true}]}}