{"id":56,"date":"2015-09-18T11:44:43","date_gmt":"2015-09-18T16:44:43","guid":{"rendered":"http:\/\/cargo.omnicom-dev.com\/transport-company\/?page_id=56"},"modified":"2023-11-21T11:45:31","modified_gmt":"2023-11-21T16:45:31","slug":"servicios","status":"publish","type":"page","link":"https:\/\/orionexpresscargo.com\/web\/servicios\/","title":{"rendered":"Servicios"},"content":{"rendered":"<div class=\"bt_rc_container\"><section id=\"bt_section69ea4c45d04b5\" data-parallax=\"0.1\" data-parallax-offset=\"-50\" class=\"boldSection topExtraSpaced bottomMoreSpaced btDarkSkin gutter inherit btParallax wBackground cover\" style=\"background-image:url('https:\/\/orionexpresscargo.com\/web\/wp-content\/uploads\/2015\/09\/truck_flipped_bckg.jpg');\"><div class=\"port\"><div class=\"boldCell\"><div class=\"boldCellInner\"><div class=\"boldRow \" ><div class=\"rowItem col-md-12 col-ms-12  btTextLeft animate animate-fadein animate-moveleft inherit\"  ><div class=\"rowItemContent\"><header class=\"header btClear extralarge btDash bottomDash  btAccentDash btRegularTitle\" style=\"max-width: 800px;\"><div class=\"dash\"><h1><span class=\"headline\">NUESTROS SERVICIOS<\/span><\/h1><\/div><p class=\"btSubTitle\">Molestie consequat, vel illum dolore eu feugiat nulla facilisis at vero eros et accumsan et iusto. Ut wisi enim ad minim veniam.<\/p><\/header><div class=\"btClear btSeparator bottomSemiSpaced noBorder\" ><hr><\/div><div class=\"btBtn btBtn btnFilled btnIconLeftPosition btnAccentColor btnSmall btnNormal btnIco\" ><div class=\"btIco borderless extrasmall\"><a href=\"#\"  data-ico-fa=\"&#xf0e5;\" class=\"btIcoHolder\"><span>Contact us<\/span><\/a><\/div><\/div><div class=\"btBtn btBtn btnFilled btnIconLeftPosition btnNormalColor btnSmall btnNormal btnIco\" ><div class=\"btIco borderless extrasmall\"><a href=\"#\"  data-ico-cs=\"&#xe61d;\" class=\"btIcoHolder\"><span>Our services<\/span><\/a><\/div><\/div><\/div><\/div><\/div><\/div><\/div><\/div><\/section><section id=\"bt_section69ea4c45d0847\"  class=\"boldSection btDivider topSpaced bottomSpaced gutter inherit\" ><div class=\"port\"><div class=\"boldCell\"><div class=\"boldCellInner\"><div class=\"boldRow \" ><div class=\"rowItem col-md-3 col-sm-6 col-ms-12 btTextRight animate animate-fadein animate-moveright inherit btDoublePadding\"  ><div class=\"rowItemContent\"><header class=\"header btClear medium  btAccentDash btRegularTitle\" ><p class=\"btSuperTitle\">NUESTROS SERVICIOS<\/p><div class=\"dash\"><h3><span class=\"headline\">LO QUE OFRECEMOS<\/span><\/h3><\/div><\/header><div class=\"btClear btSeparator topSemiSpaced noBorder\" ><hr><\/div><div class=\"btText\"><p>Ofrecemos calidad, seguridad, y protecci\u00f3n en cada una de nuestras entregas<\/p>\n<\/div><\/div><\/div><div class=\"rowItem col-md-3 col-sm-6 col-ms-12 btTextLeft animate animate-fadein btTextIndent btHighlight inherit\"  ><div class=\"rowItemContent\"><div class=\"bpgPhoto btTextCenter btLightbox\" > \r\n\t\t\t\t\t<a href=\"http:\/\/cargo.bold-themes.com\/transport-company\/wp-content\/uploads\/sites\/2\/2015\/09\/Three-trucks-on-blue-background-640x480.jpg\" target=\"_self\"><\/a>\r\n\t\t\t\t\t<div class=\"boldPhotoBox\"><div class=\"bpbItem\"><div class=\"btImage\"><img decoding=\"async\" src=\"https:\/\/orionexpresscargo.com\/web\/wp-content\/uploads\/2015\/09\/Three-trucks-on-blue-background-640x480.jpg\" alt=\"Three-trucks-on-blue-background-640x480.jpg\"><\/div><\/div><\/div>\r\n\t\t\t\t\t<div class=\"captionPane\">\r\n\t\t\t\t\t\t<div class=\"captionTable\">\r\n\t\t\t\t\t\t\t<div class=\"captionCell\">\r\n\t\t\t\t\t\t\t\t<div class=\"captionTxt\"><header class=\"header btClear small btDash bottomDash\" ><\/header><\/div>\r\n\t\t\t\t\t\t\t<\/div>\r\n\t\t\t\t\t\t<\/div>\r\n\t\t\t\t\t<\/div><\/div><div class=\"btClear btSeparator topSmallSpaced noBorder\" ><hr><\/div><header class=\"header btClear small  btAlternateDash btRegularTitle\" ><div class=\"dash\"><h4><span class=\"headline\">FLETES INTERNACIONALES<\/span><\/h4><\/div><p class=\"btSubTitle\">ON TIME AND SCHEDULE<\/p><\/header><div class=\"btText\"><p>Ofrecemos diferentes tipos de fletes:<\/p>\n<ul>\n<li>TRANSPORTE<br \/>\nA\u00c9REO<\/li>\n<li>TRANSPORTE<br \/>\nMARITIMO<\/li>\n<li>SEGUROS DE<br \/>\nMERCANCIA<\/li>\n<li>TRANSPORTE<br \/>\nTERRESTRE<\/li>\n<li>TRANSPORTE<br \/>\nCOMBINADO DE<br \/>\nIMPORTACI\u00d3N<\/li>\n<li>ASESORIA EN<br \/>\nCOMERCIO<br \/>\nINTERNACIONAL<\/li>\n<\/ul>\n<\/div><div class=\"btClear btSeparator topSmallSpaced noBorder\" ><hr><\/div><div class=\"btBtn btBtn btnBorderless btnIconRightPosition btnNormalColor btnSmall btnNormal btnIco\" ><div class=\"btIco borderless extrasmall\"><a href=\"http:\/\/orionexpresscargo.com\/web\/servicios\/fletes-internacionales\/\"  data-ico-fa=\"&#xf101;\" class=\"btIcoHolder\"><span>Leer m\u00e1s&#8230;<\/span><\/a><\/div><\/div><div class=\"btClear btSeparator topSmallSpaced noBorder\" ><hr><\/div><\/div><\/div><div class=\"rowItem col-md-3 col-sm-6 col-ms-12 btTextLeft animate animate-fadein btTextIndent btHighlight inherit\"  ><div class=\"rowItemContent\"><div class=\"bpgPhoto btTextCenter\" ><div class=\"btImage\"><img decoding=\"async\" src=\"https:\/\/orionexpresscargo.com\/web\/wp-content\/uploads\/2015\/10\/shutterstock_14173768-640x480.jpg\" alt=\"shutterstock_14173768-640x480.jpg\"><\/div><\/div><div class=\"btClear btSeparator topSmallSpaced noBorder\" ><hr><\/div><header class=\"header btClear small  btAccentDash btRegularTitle\" ><div class=\"dash\"><h4><span class=\"headline\">TRANSPORTE TERRESTRE<\/span><\/h4><\/div><p class=\"btSubTitle\">TELL THE WORLD<\/p><\/header><div class=\"btText\"><ul>\n<li>IMPORTACION Y EXPORTACION<\/li>\n<li>CONSOLIDACION<\/li>\n<li>MANEJO DE MERCANCIAS GENERALES, PELIGROSAS Y EXTRA DIMENSIONADAS<\/li>\n<li>BODEGA Y OFICINA DE ORION EXPRESS EN MIAMI.<\/li>\n<li>SERVICIO DE CORREO INTERNACIONAL<\/li>\n<\/ul>\n<\/div><div class=\"btClear btSeparator topSmallSpaced noBorder\" ><hr><\/div><div class=\"btBtn btBtn btnBorderless btnIconRightPosition btnNormalColor btnSmall btnNormal btnIco\" ><div class=\"btIco borderless extrasmall\"><a href=\"http:\/\/orionexpresscargo.com\/web\/servicios\/fletes-internacionales\/\"  data-ico-fa=\"&#xf101;\" class=\"btIcoHolder\"><span>Find out more<\/span><\/a><\/div><\/div><div class=\"btClear btSeparator topSmallSpaced noBorder\" ><hr><\/div><\/div><\/div><div class=\"rowItem col-md-3 col-sm-6 col-ms-12 btTextLeft animate animate-fadein btTextIndent btHighlight inherit\"  ><div class=\"rowItemContent\"><div class=\"bpgPhoto btTextCenter\" ><div class=\"btImage\"><img decoding=\"async\" src=\"https:\/\/orionexpresscargo.com\/web\/wp-content\/uploads\/2015\/09\/shutterstock_288223427-640x480.jpg\" alt=\"shutterstock_288223427-640x480.jpg\"><\/div><\/div><div class=\"btClear btSeparator topSmallSpaced noBorder\" ><hr><\/div><header class=\"header btClear small  btAccentDash btRegularTitle\" ><div class=\"dash\"><h4><span class=\"headline\">CARGO SERVICES<\/span><\/h4><\/div><p class=\"btSubTitle\">WEATHER INSURANCE<\/p><\/header><div class=\"btText\"><p>Fusce felis turpis, euismod eu odio ultrices,\u00a0sodales cursus eros. Proin efficitur magna id facilisis malesuada. Phasellus vel ultrices erat.<\/p>\n<\/div><div class=\"btClear btSeparator topSmallSpaced noBorder\" ><hr><\/div><div class=\"btBtn btBtn btnBorderless btnIconRightPosition btnNormalColor btnSmall btnNormal btnIco\" ><div class=\"btIco borderless extrasmall\"><a href=\"http:\/\/http:\/\/www.google.com\"  data-ico-fa=\"&#xf101;\" class=\"btIcoHolder\"><span>Find out more<\/span><\/a><\/div><\/div><div class=\"btClear btSeparator topSmallSpaced noBorder\" ><hr><\/div><\/div><\/div><\/div><\/div><\/div><\/div><\/section><section id=\"bt_section69ea4c45d24ce\"  class=\"boldSection topSemiSpaced bottomSemiSpaced btDarkSkin gutter inherit wBackground cover\" style=\"background-image:url('https:\/\/orionexpresscargo.com\/web\/wp-content\/uploads\/2015\/09\/Blue-background-with-trucks.jpg');\"><div class=\"port\"><div class=\"boldCell\"><div class=\"boldCellInner\"><div class=\"boldRow \" ><div class=\"rowItem col-sm-6 col-ms-12 btTextLeft\"  ><div class=\"rowItemContent\"><header class=\"header btClear small  btAccentDash btRegularTitle\" style=\"margin-bottom: 0;\"><p class=\"btSuperTitle\">FIND ALL IN ONE DOCUMENT<\/p><div class=\"dash\"><h4><span class=\"headline\">Download our service Brochures<\/span><\/h4><\/div><\/header><\/div><\/div><div class=\"rowItem col-sm-6 col-ms-12 btTextRight btMiddleVertical\"  ><div class=\"rowItemContent\"><div class=\"btBtn btBtn btnOutline btnLightColor btnSmall btnNormal btnIco\" ><div class=\"btIco borderless extrasmall\"><a href=\"http:\/\/http:\/\/www.google.com\"  target=\"_blank\"  data-ico-cs=\"&#xe62a;\" class=\"btIcoHolder\"><span>Donwload.PDF<\/span><\/a><\/div><\/div><div class=\"btBtn btBtn btnOutline btnLightColor btnSmall btnNormal btnIco\" ><div class=\"btIco borderless extrasmall\"><a href=\"http:\/\/http:\/\/www.google.com\"  target=\"_blank\"  data-ico-cs=\"&#xe62a;\" class=\"btIcoHolder\"><span>Donwload.PPT<\/span><\/a><\/div><\/div><\/div><\/div><\/div><\/div><\/div><\/div><\/section><section id=\"bt_section69ea4c45d28c8\"  class=\"boldSection btDivider topSpaced bottomSpaced gutter inherit wBackground cover\" style=\"background-image:url('https:\/\/orionexpresscargo.com\/web\/wp-content\/uploads\/2015\/09\/Transparent-background-with-dots.png');\"><div class=\"port\"><div class=\"boldCell\"><div class=\"boldCellInner\"><div class=\"boldRow \" ><div class=\"rowItem col-md-3 col-sm-6 col-ms-12 btTextRight animate animate-fadein animate-moveright inherit btDoublePadding\"  ><div class=\"rowItemContent\"><header class=\"header btClear medium  btAccentDash btRegularTitle\" ><p class=\"btSuperTitle\">OUR SERVICES<\/p><div class=\"dash\"><h3><span class=\"headline\">MORE SERVICES<\/span><\/h3><\/div><\/header><div class=\"btClear btSeparator topSemiSpaced noBorder\" ><hr><\/div><\/div><\/div><div class=\"rowItem col-md-3 col-sm-6 col-ms-12 btTextLeft animate animate-fadein btHighlight inherit\"  ><div class=\"rowItemContent\"><div class=\"btClear btSeparator topSmallSpaced noBorder\" ><hr><\/div><div class=\"servicesItem  mediumIcon borderlessIconType \"><div class=\"sIcon\"><div class=\"btIco medium borderless\"><span  data-ico-fa=\"&#xf207;\" class=\"btIcoHolder\"><\/span><\/div><\/div><div class=\"sTxt\"><header class=\"header btClear extrasmall\" ><div class=\"dash\"><h4><span class=\"headline\">COURIER SERVICES<\/span><\/h4><\/div><\/header><p>Lorem ipsum dolor sit amet, consectetur adipiscing elit. Ut ante arcu, lacinia dictum<br><\/p><\/div><\/div><div class=\"btClear btSeparator topSmallSpaced noBorder\" ><hr><\/div><\/div><\/div><div class=\"rowItem col-md-3 col-sm-6 col-ms-12 btTextLeft animate animate-fadein btHighlight inherit\"  ><div class=\"rowItemContent\"><div class=\"btClear btSeparator topSmallSpaced noBorder\" ><hr><\/div><div class=\"servicesItem  mediumIcon borderlessIconType \"><div class=\"sIcon\"><div class=\"btIco medium borderless\"><span  data-ico-fa=\"&#xf21a;\" class=\"btIcoHolder\"><\/span><\/div><\/div><div class=\"sTxt\"><header class=\"header btClear extrasmall\" ><div class=\"dash\"><h4><span class=\"headline\">OCEAN CARGO<\/span><\/h4><\/div><\/header><p>Praesent eu rhoncus nibh. Quisque tincidunt, nisi in venenatis commodo<br><\/p><\/div><\/div><div class=\"btClear btSeparator topSmallSpaced noBorder\" ><hr><\/div><\/div><\/div><div class=\"rowItem col-md-3 col-sm-6 col-ms-12 btTextLeft animate animate-fadein btHighlight inherit\"  ><div class=\"rowItemContent\"><div class=\"btClear btSeparator topSmallSpaced noBorder\" ><hr><\/div><div class=\"servicesItem  mediumIcon borderlessIconType \"><div class=\"sIcon\"><div class=\"btIco medium borderless\"><span  data-ico-fa=\"&#xf072;\" class=\"btIcoHolder\"><\/span><\/div><\/div><div class=\"sTxt\"><header class=\"header btClear extrasmall\" ><div class=\"dash\"><h4><span class=\"headline\">FLY ANYWHERE<\/span><\/h4><\/div><\/header><p>Pellentesque sollicitudin molestie libero at commodo. Nunc cursus ligula<br><\/p><\/div><\/div><div class=\"btClear btSeparator topSmallSpaced noBorder\" ><hr><\/div><\/div><\/div><\/div><div class=\"boldRow \" ><div class=\"rowItem col-md-3 col-sm-6 col-ms-12 btTextLeft animate animate-fadein animate-moveright inherit\"  ><div class=\"rowItemContent\"><div class=\"btClear btSeparator topSemiSpaced noBorder\" ><hr><\/div><div class=\"servicesItem  mediumIcon borderlessIconType \"><div class=\"sIcon\"><div class=\"btIco medium borderless\"><span  data-ico-fa=\"&#xf239;\" class=\"btIcoHolder\"><\/span><\/div><\/div><div class=\"sTxt\"><header class=\"header btClear extrasmall\" ><div class=\"dash\"><h4><span class=\"headline\">FAST TRAIN CARGO<\/span><\/h4><\/div><\/header><p>Integer quis vestibulum metus, quis commodo dolor. Vestibulum sodales, ex quis blandit mollis, quam enim sollicitudin<br><\/p><\/div><\/div><\/div><\/div><div class=\"rowItem col-md-3 col-sm-6 col-ms-12 btTextLeft animate animate-fadein inherit\"  ><div class=\"rowItemContent\"><div class=\"btClear btSeparator topSemiSpaced noBorder\" ><hr><\/div><div class=\"servicesItem  mediumIcon borderlessIconType \"><div class=\"sIcon\"><div class=\"btIco medium borderless\"><span  data-ico-cs=\"&#xe607;\" class=\"btIcoHolder\"><\/span><\/div><\/div><div class=\"sTxt\"><header class=\"header btClear extrasmall\" ><div class=\"dash\"><h4><span class=\"headline\">TRACK YOUR CARGO<\/span><\/h4><\/div><\/header><p>Praesent elementum, leo vitae fermentum interdum, purus dolor blandit lorem, sed aliquet dui sapien et dolor.<br><\/p><\/div><\/div><\/div><\/div><div class=\"rowItem col-md-3 col-sm-6 col-ms-12 btTextLeft animate animate-fadein inherit\"  ><div class=\"rowItemContent\"><div class=\"btClear btSeparator topSemiSpaced noBorder\" ><hr><\/div><div class=\"servicesItem  mediumIcon borderlessIconType \"><div class=\"sIcon\"><div class=\"btIco medium borderless\"><span  data-ico-fa=\"&#xf0e4;\" class=\"btIcoHolder\"><\/span><\/div><\/div><div class=\"sTxt\"><header class=\"header btClear extrasmall\" ><div class=\"dash\"><h4><span class=\"headline\">20 YEARS OF EXPERIENCE<\/span><\/h4><\/div><\/header><p>Donec molestie aliquet justo sit amet sagittis. Integer ut felis felis. Nunc auctor tellus massa, at fringilla diam scelerisque mattis.<br><\/p><\/div><\/div><\/div><\/div><div class=\"rowItem col-md-3 col-sm-6 col-ms-12 btTextLeft animate animate-fadein inherit\"  ><div class=\"rowItemContent\"><div class=\"btClear btSeparator topSemiSpaced noBorder\" ><hr><\/div><div class=\"servicesItem  mediumIcon borderlessIconType \"><div class=\"sIcon\"><div class=\"btIco medium borderless\"><span  data-ico-fa=\"&#xf0d1;\" class=\"btIcoHolder\"><\/span><\/div><\/div><div class=\"sTxt\"><header class=\"header btClear extrasmall\" ><div class=\"dash\"><h4><span class=\"headline\">NO HASSLE MOVING<\/span><\/h4><\/div><\/header><p>Aenean efficitur nisi eget laoreet blandit. Nullam lacinia porttitor lacus ut vulputate. Aliquam finibus hendrerit nibh at placerat.<br><\/p><\/div><\/div><\/div><\/div><\/div><\/div><\/div><\/div><\/section><section id=\"elements\" data-parallax=\"0\" data-parallax-offset=\"0\" class=\"boldSection topSpaced bottomSpaced btDarkSkin gutter inherit btParallax wBackground cover\" style=\"background-image:url('https:\/\/orionexpresscargo.com\/web\/wp-content\/uploads\/2015\/09\/Blue-background-with-trucks.jpg');\"><div class=\"port\"><div class=\"boldCell\"><div class=\"boldCellInner\"><div class=\"boldRow \" ><div class=\"rowItem col-sm-4 col-ms-12 btTextRight animate animate-fadein inherit btDoublePadding\"  ><div class=\"rowItemContent\"><header class=\"header btClear medium  btAccentDash btRegularTitle\" ><p class=\"btSuperTitle\">We are the best<\/p><div class=\"dash\"><h3><span class=\"headline\">NUESTRA EXPERIECIENCIA<\/span><\/h3><\/div><\/header><div class=\"btText\"><p>Contamos con mas de 17 a\u00f1os de experiencia en el desarrollo de operaciones\u00a0integrales en comercio internacional, con personal profesional, calificado y con amplia experiencia para brindar consultor\u00edas \u00f3ptimas y personalizadas que le permiten a nuestros clientes resultados. Positivos\u00a0en todos sus procesos.<\/p>\n<p>Contamos con oficinas operativas y comerciales en Bogot\u00e1, Cartagena y Buenaventura, con las cuales damos cobertura a todo el pa\u00eds. Contamos con una red de oficinas asociadas en 34 pa\u00edses del mundo para dar cubrimiento a las operaciones de nuestros clientes con eficiencia y competitividad.<\/p>\n<\/div><\/div><\/div><div class=\"rowItem col-md-8 col-ms-12  btTextLeft inherit\"  ><div class=\"rowItemContent\"><div class=\"slided autoSliderHeight btSliderHideArrows\"  data-slick='{\"autoplay\":true,\"autoplaySpeed\":2000,\"pauseOnHover\":false,\"pauseOnDotsHover\":true}'><div class=\"slidedItem firstItem\"  data-thumb=\"https:\/\/orionexpresscargo.com\/web\/wp-content\/uploads\/2015\/09\/White-truck-on-top-320x213.jpg\"><div class=\"btSliderPort wBackground cover\" style=\"background-image: url('https:\/\/orionexpresscargo.com\/web\/wp-content\/uploads\/2015\/09\/White-truck-on-top.jpg')\"><div class=\"btSliderCell\" data-slick=\"yes\"><div class=\"btSlideGutter\"><div class=\"btSlidePane\"><div class=\"btClear btSeparator topExtraSpaced noBorder\" ><hr><\/div><\/div><\/div><\/div><\/div><\/div><div class=\"slidedItem firstItem\"  data-thumb=\"https:\/\/orionexpresscargo.com\/web\/wp-content\/uploads\/2015\/09\/One-Blue-Truck-320x240.jpg\"><div class=\"btSliderPort wBackground cover\" style=\"background-image: url('https:\/\/orionexpresscargo.com\/web\/wp-content\/uploads\/2015\/09\/One-Blue-Truck.jpg')\"><div class=\"btSliderCell\" data-slick=\"yes\"><div class=\"btSlideGutter\"><div class=\"btSlidePane\"><div class=\"btClear btSeparator topExtraSpaced noBorder\" ><hr><\/div><\/div><\/div><\/div><\/div><\/div><div class=\"slidedItem firstItem\"  data-thumb=\"https:\/\/orionexpresscargo.com\/web\/wp-content\/uploads\/2015\/10\/shutterstock_14173768-320x207.jpg\"><div class=\"btSliderPort wBackground cover\" style=\"background-image: url('https:\/\/orionexpresscargo.com\/web\/wp-content\/uploads\/2015\/10\/shutterstock_14173768.jpg')\"><div class=\"btSliderCell\" data-slick=\"yes\"><div class=\"btSlideGutter\"><div class=\"btSlidePane\"><div class=\"btClear btSeparator topExtraSpaced noBorder\" ><hr><\/div><\/div><\/div><\/div><\/div><\/div><\/div><\/div><\/div><\/div><\/div><\/div><\/div><\/section><section id=\"bt_section69ea4c45d35a3\"  class=\"boldSection btDivider topSpaced bottomSpaced gutter inherit\" ><div class=\"port\"><div class=\"boldCell\"><div class=\"boldCellInner\"><div class=\"boldRow \" style=\"background-color: #EEE;\"><div class=\"rowItem col-sm-6 col-ms-12 btTextRight animate animate-fadein inherit btNoPadding\"  ><div class=\"rowItemContent\"><div class=\"bpgPhoto btTextCenter\" ><div class=\"btImage\"><img decoding=\"async\" src=\"\" alt=\"\"><\/div><\/div><\/div><\/div><div class=\"rowItem col-sm-6 col-ms-12 btTextLeft animate animate-fadein btMiddleVertical btDoublePadding\"  ><div class=\"rowItemContent\"><div class=\"btClear btSeparator bottomSmallSpaced noBorder\"  style=\"border: transparent;\"><hr><\/div><header class=\"header btClear medium  btAccentDash btRegularTitle\" ><p class=\"btSuperTitle\">Lacinia neque a porttitor nisl<\/p><div class=\"dash\"><h3><span class=\"headline\">Our trucks work for you<\/span><\/h3><\/div><\/header><div class=\"btText\"><\/div><div class=\"btClear btSeparator bottomSmallSpaced noBorder\"  style=\"border: transparent;\"><hr><\/div><div class=\"btBtn btBtn btnFilled btnIconLeftPosition btnNormalColor btnSmall btnNormal\" ><a href=\"#\">READ MORE<\/a><\/div><div class=\"btClear btSeparator bottomSmallSpaced noBorder\"  style=\"border: transparent;\"><hr><\/div><\/div><\/div><\/div><div class=\"boldRow \" style=\"background-color: #EEE;\"><div class=\"rowItem col-sm-6 col-ms-12 btTextLeft animate animate-fadein btMiddleVertical btDoublePadding\"  ><div class=\"rowItemContent\"><div class=\"btClear btSeparator bottomSmallSpaced noBorder\"  style=\"border: transparent;\"><hr><\/div><header class=\"header btClear medium  btAccentDash btRegularTitle\" ><p class=\"btSuperTitle\">Curabitur ac turpis viverra<\/p><div class=\"dash\"><h3><span class=\"headline\">LNG Transportation<\/span><\/h3><\/div><\/header><div class=\"btText\"><\/div><div class=\"btClear btSeparator bottomSmallSpaced noBorder\"  style=\"border: transparent;\"><hr><\/div><div class=\"btBtn btBtn btnFilled btnIconLeftPosition btnNormalColor btnSmall btnNormal\" ><a href=\"#\">READ MORE<\/a><\/div><div class=\"btClear btSeparator bottomSmallSpaced noBorder\"  style=\"border: transparent;\"><hr><\/div><\/div><\/div><div class=\"rowItem col-sm-6 col-ms-12 btTextRight animate animate-fadein inherit btNoPadding\"  ><div class=\"rowItemContent\"><div class=\"bpgPhoto btTextCenter\" ><div class=\"btImage\"><img decoding=\"async\" src=\"https:\/\/orionexpresscargo.com\/web\/wp-content\/uploads\/2015\/09\/shutterstock_33353485.jpg\" alt=\"shutterstock_33353485.jpg\"><\/div><\/div><\/div><\/div><\/div><\/div><\/div><\/div><\/section><\/div>","protected":false},"excerpt":{"rendered":"","protected":false},"author":2,"featured_media":0,"parent":0,"menu_order":0,"comment_status":"closed","ping_status":"closed","template":"","meta":{"footnotes":""},"class_list":["post-56","page","type-page","status-publish","hentry"],"_links":{"self":[{"href":"https:\/\/orionexpresscargo.com\/web\/wp-json\/wp\/v2\/pages\/56","targetHints":{"allow":["GET"]}}],"collection":[{"href":"https:\/\/orionexpresscargo.com\/web\/wp-json\/wp\/v2\/pages"}],"about":[{"href":"https:\/\/orionexpresscargo.com\/web\/wp-json\/wp\/v2\/types\/page"}],"author":[{"embeddable":true,"href":"https:\/\/orionexpresscargo.com\/web\/wp-json\/wp\/v2\/users\/2"}],"replies":[{"embeddable":true,"href":"https:\/\/orionexpresscargo.com\/web\/wp-json\/wp\/v2\/comments?post=56"}],"version-history":[{"count":5,"href":"https:\/\/orionexpresscargo.com\/web\/wp-json\/wp\/v2\/pages\/56\/revisions"}],"predecessor-version":[{"id":2374,"href":"https:\/\/orionexpresscargo.com\/web\/wp-json\/wp\/v2\/pages\/56\/revisions\/2374"}],"wp:attachment":[{"href":"https:\/\/orionexpresscargo.com\/web\/wp-json\/wp\/v2\/media?parent=56"}],"curies":[{"name":"wp","href":"https:\/\/api.w.org\/{rel}","templated":true}]}}