{"id":58,"date":"2015-09-18T11:44:58","date_gmt":"2015-09-18T10:44:58","guid":{"rendered":"http:\/\/cargo.omnicom-dev.com\/transport-company\/?page_id=58"},"modified":"2024-09-25T12:20:34","modified_gmt":"2024-09-25T17:20:34","slug":"company","status":"publish","type":"page","link":"https:\/\/orionexpresscargo.com\/web\/company\/","title":{"rendered":"Quienes Somos"},"content":{"rendered":"<div class=\"bt_rc_container\"><section id=\"bt_section69ea3586daa8c\" data-parallax=\"0.1\" data-parallax-offset=\"0\" class=\"boldSection topExtraSpaced bottomMoreSpaced btDarkSkin gutter inherit btParallax wBackground cover\" style=\"background-image:url('https:\/\/orionexpresscargo.com\/web\/wp-content\/uploads\/2015\/09\/train_bckg.jpg');\"><div class=\"port\"><div class=\"boldCell\"><div class=\"boldCellInner\"><div class=\"boldRow \" ><div class=\"rowItem col-sm-6 col-ms-12 btTextLeft animate animate-fadein animate-moveleft inherit\"  ><div class=\"rowItemContent\"><header class=\"header btClear medium btDash bottomDash  btAccentDash btRegularTitle\" style=\"max-width: 800px;\"><div class=\"dash\"><h3><span class=\"headline\">Misi\u00f3n<\/span><\/h3><\/div><p class=\"btSubTitle\">Ofrecemos servicios integrales en Comercio Exterior como agencia de carga internacional ACI 0712 conformando una red de agentes a nivel nacional e internacional. Contamos con amplia experiencia en \u00e1reas como fletes internacionales, OTM, DTA, intermediaci\u00f3n aduanera, protecci\u00f3n a la carga y almacenamiento, con un equipo de profesionales de alto nivel.<\/p><\/header><div class=\"btClear btSeparator topSpaced bottomSemiSpaced noBorder\" ><hr><\/div><header class=\"header btClear medium btDash bottomDash  btAccentDash btRegularTitle\" style=\"max-width: 800px;\"><div class=\"dash\"><h3><span class=\"headline\">POLITICA DE CALIDAD, CONTROL Y SEGURIDAD<\/span><\/h3><\/div><p class=\"btSubTitle\">Satisfacer las necesidades y expectativas de nuestros clientes y partes interesadas mediante una Asesor\u00eda personalizada y suministro de informaci\u00f3n veraz y oportuna, con m\u00faltiples soluciones log\u00edsticas, cumplimiento, respaldo y prevenci\u00f3n de riesgos. Promover la integridad y mejora continua de nuestros procesos, la prevenci\u00f3n de actividades il\u00edcitas, corrupci\u00f3n y soborno a trav\u00e9s del desarrollo y compromiso de nuestros colaboradores dando compromiso de nuestros colaboradores dando cumplimiento a la Normatividad legal vigente y promoviendo la seguridad en las tecnolog\u00edas de la informaci\u00f3n.<\/p><\/header><div class=\"btClear btSeparator bottomSemiSpaced noBorder\" ><hr><\/div><\/div><\/div><div class=\"rowItem col-sm-6 col-ms-12 btTextLeft animate animate-fadein animate-moveleft inherit\"  ><div class=\"rowItemContent\"><header class=\"header btClear medium btDash bottomDash  btAccentDash btRegularTitle\" style=\"max-width: 800px;\"><\/header><div class=\"btClear btSeparator topSpaced bottomSemiSpaced noBorder\" ><hr><\/div><header class=\"header btClear medium btDash bottomDash  btAccentDash btRegularTitle\" style=\"max-width: 800px;\"><div class=\"dash\"><h3><span class=\"headline\">Visi\u00f3n<\/span><\/h3><\/div><p class=\"btSubTitle\">Para el 2024 mantener las certificaciones en Calidad y Seguridad ISO 9001 y BASC, adem\u00e1s de acceder al programa OEA. Ser reconocida por su amplia presencia en el territorio nacional, con una infraestructura internacional que permita mejorar la cadena de suministro del cliente.. Ampliaremos nuestros mercados estando a la vanguardia en comercio exterior y la din\u00e1mica competitiva que nos exige la globalizaci\u00f3n.<\/p><\/header><\/div><\/div><\/div><\/div><\/div><\/div><\/section><section id=\"bt_section69ea3586dadaf\" data-parallax=\"0.1\" data-parallax-offset=\"0\" class=\"boldSection topSmallSpaced bottomSmallSpaced btDarkSkin gutter inherit btParallax wBackground cover\" style=\"background-color:#0b60a9;background-image:url('https:\/\/orionexpresscargo.com\/web\/wp-content\/uploads\/2015\/09\/Transparent-background-with-dots.png');\"><div class=\"port\"><div class=\"boldCell\"><div class=\"boldCellInner\"><div class=\"boldRow \" ><div class=\"rowItem col-md-3 col-sm-6 col-ms-12 btTextLeft animate animate-fadein btMiddleVertical\"  ><div class=\"rowItemContent\"><div class=\"btClear btSeparator topExtraSmallSpaced noBorder\" ><hr><\/div><div class=\"servicesItem  mediumIcon colorless borderlessIconType \"><div class=\"sIcon\"><div class=\"btIco medium colorless borderless\"><a href=\"#\"  data-ico-cs=\"&#xe60f;\" class=\"btIcoHolder\"><\/a><\/div><\/div><div class=\"sTxt\"><header class=\"header btClear extrasmall\" ><div class=\"dash\"><h4><span class=\"headline\">LLAMANOS<\/span><\/h4><\/div><\/header><p>+573103184904<br><\/p><\/div><\/div><div class=\"btClear btSeparator topExtraSmallSpaced noBorder\" ><hr><\/div><\/div><\/div><div class=\"rowItem btLeftBorder col-md-3 col-sm-6 col-ms-12 btTextLeft animate animate-fadein btMiddleVertical\"  ><div class=\"rowItemContent\"><div class=\"btClear btSeparator topExtraSmallSpaced noBorder\" ><hr><\/div><div class=\"servicesItem  mediumIcon colorless borderlessIconType \"><div class=\"sIcon\"><div class=\"btIco medium colorless borderless\"><a href=\"#\"  data-ico-cs=\"&#xe610;\" class=\"btIcoHolder\"><\/a><\/div><\/div><div class=\"sTxt\"><header class=\"header btClear extrasmall\" ><div class=\"dash\"><h4><span class=\"headline\">NUESTRO HORARIO<\/span><\/h4><\/div><\/header><p>Lunes &#8211; Viernes 8AM-5PM Sabados 8AM-12PM<br><\/p><\/div><\/div><div class=\"btClear btSeparator topExtraSmallSpaced noBorder\" ><hr><\/div><\/div><\/div><div class=\"rowItem btLeftBorder col-md-3 col-sm-6 col-ms-12 btTextLeft animate animate-fadein btMiddleVertical\"  ><div class=\"rowItemContent\"><div class=\"btClear btSeparator topExtraSmallSpaced noBorder\" ><hr><\/div><div class=\"servicesItem  mediumIcon colorless borderlessIconType \"><div class=\"sIcon\"><div class=\"btIco medium colorless borderless\"><span  data-ico-cs=\"&#xe663;\" class=\"btIcoHolder\"><\/span><\/div><\/div><div class=\"sTxt\"><header class=\"header btClear extrasmall\" ><div class=\"dash\"><h4><span class=\"headline\">NUESTRA OFICINA<\/span><\/h4><\/div><\/header><p>Hotel Hilton Garden In\r<br>Oficina 601<br><\/p><\/div><\/div><div class=\"btClear btSeparator topExtraSmallSpaced noBorder\" ><hr><\/div><\/div><\/div><div class=\"rowItem col-md-3 col-sm-6 col-ms-12 btTextLeft animate animate-fadein btHighlight btMiddleVertical btNoPadding\" style=\"z-index: 10;\" ><div class=\"rowItemContent\"><div class=\"btClear btSeparator topSmallSpaced noBorder\" ><hr><\/div><div class=\"servicesItem  mediumIcon colorless borderlessIconType \"><div class=\"sIcon\"><div class=\"btIco medium colorless borderless\"><span  data-ico-cs=\"&#xe618;\" class=\"btIcoHolder\"><\/span><\/div><\/div><div class=\"sTxt\"><header class=\"header btClear extrasmall\" ><div class=\"dash\"><h4><span class=\"headline\">OBTEN UNA COTIZACI\u00d3N R\u00c1PIDA<\/span><\/h4><\/div><\/header><p><\/p><\/div><\/div><div class=\"btDropdown \" style=\"margin-top:-35px; margin-left: 75px; padding-right: 30px;\"><select class=\"btDropdownSelect\"><option value=\"\">Select service<\/option><option value=\"trucking-cost-calculator\r\">Trucking<\/option><option value=\"air-cargo-cost-calculator\r\">Air Cargo<\/option><option value=\"ocean-cargo-cost-calculator\r\">Ocean Cargo<\/option><option value=\"courier-services-cost-calculator\">Courier Services<\/option><\/select><\/div><div class=\"btClear btSeparator topSmallSpaced noBorder\" ><hr><\/div><\/div><\/div><\/div><\/div><\/div><\/div><\/section><section id=\"bt_section69ea3586db08a\" data-parallax=\"0\" data-parallax-offset=\"0\" class=\"boldSection topSpaced bottomSpaced gutter inherit btParallax wBackground cover\" style=\"background-image:url('https:\/\/orionexpresscargo.com\/web\/wp-content\/uploads\/2015\/09\/Transparent-background-with-dots.png');\"><div class=\"port\"><div class=\"boldCell\"><div class=\"boldCellInner\"><div class=\"boldRow \" ><div class=\"rowItem col-sm-4 col-ms-12 btTextRight animate animate-fadein animate-moveright inherit btDoublePadding\"  ><div class=\"rowItemContent\"><div class=\"btClear btSeparator topSemiSpaced noBorder\" ><hr><\/div><header class=\"header btClear medium  btAccentDash btRegularTitle\" ><div class=\"dash\"><h3><span class=\"headline\">NUESTROS LOGROS<\/span><\/h3><\/div><\/header><\/div><\/div><div class=\"rowItem col-sm-4 col-ms-12 btTextLeft animate animate-fadein btHighlight inherit btDoublePadding wBackground cover\" style=\"background-image: url(https:\/\/orionexpresscargo.com\/web\/wp-content\/uploads\/2024\/09\/images-1.png);\" ><div class=\"rowItemContent\"><div class=\"btClear btSeparator topSemiSpaced noBorder\" ><hr><\/div><div class=\"servicesItem  mediumIcon borderlessIconType \"><div class=\"sIcon\"><div class=\"btIco medium borderless\"><span  data-ico-fa=\"&#xf15b;\" class=\"btIcoHolder\"><\/span><\/div><\/div><div class=\"sTxt\"><header class=\"header btClear extrasmall\" ><div class=\"dash\"><h4><span class=\"headline\">ISO 90001<\/span><\/h4><\/div><\/header><p>Somo una compa\u00f1\u00eda certificada en ISO 90001<br><\/p><\/div><\/div><div class=\"btClear btSeparator topSemiSpaced noBorder\" ><hr><\/div><\/div><\/div><div class=\"rowItem btLeftBorder col-sm-4 col-ms-12 btTextCenter animate animate-moveup btHighlight inherit btDoublePadding wBackground cover\" style=\"background-image: url(https:\/\/orionexpresscargo.com\/web\/wp-content\/uploads\/2024\/09\/images-1.jpeg);\" ><div class=\"rowItemContent\"><div class=\"btClear btSeparator topSemiSpaced noBorder\" ><hr><\/div><div class=\"servicesItem  mediumIcon borderlessIconType \"><div class=\"sIcon\"><div class=\"btIco medium borderless\"><span  data-ico-fa=\"&#xf1c9;\" class=\"btIcoHolder\"><\/span><\/div><\/div><div class=\"sTxt\"><header class=\"header btClear extrasmall\" ><div class=\"dash\"><h4><span class=\"headline\">BASC<\/span><\/h4><\/div><\/header><p>Contamos con la certificaci\u00f3n BASC version 5 &#8211; 2017 <br><\/p><\/div><\/div><div class=\"btClear btSeparator topSemiSpaced noBorder\" ><hr><\/div><\/div><\/div><\/div><div class=\"boldRow \" ><div class=\"rowItem col-md-12 col-ms-12  btTextRight animate animate-fadein animate-moveright inherit\"  ><div class=\"rowItemContent\"><div class=\"btClear btSeparator topSmallSpaced noBorder\" ><hr><\/div><\/div><\/div><\/div><\/div><\/div><\/div><\/section><\/div>","protected":false},"excerpt":{"rendered":"","protected":false},"author":2,"featured_media":2124,"parent":0,"menu_order":0,"comment_status":"closed","ping_status":"closed","template":"","meta":{"footnotes":""},"class_list":["post-58","page","type-page","status-publish","has-post-thumbnail","hentry"],"_links":{"self":[{"href":"https:\/\/orionexpresscargo.com\/web\/wp-json\/wp\/v2\/pages\/58","targetHints":{"allow":["GET"]}}],"collection":[{"href":"https:\/\/orionexpresscargo.com\/web\/wp-json\/wp\/v2\/pages"}],"about":[{"href":"https:\/\/orionexpresscargo.com\/web\/wp-json\/wp\/v2\/types\/page"}],"author":[{"embeddable":true,"href":"https:\/\/orionexpresscargo.com\/web\/wp-json\/wp\/v2\/users\/2"}],"replies":[{"embeddable":true,"href":"https:\/\/orionexpresscargo.com\/web\/wp-json\/wp\/v2\/comments?post=58"}],"version-history":[{"count":5,"href":"https:\/\/orionexpresscargo.com\/web\/wp-json\/wp\/v2\/pages\/58\/revisions"}],"predecessor-version":[{"id":2599,"href":"https:\/\/orionexpresscargo.com\/web\/wp-json\/wp\/v2\/pages\/58\/revisions\/2599"}],"wp:featuredmedia":[{"embeddable":true,"href":"https:\/\/orionexpresscargo.com\/web\/wp-json\/wp\/v2\/media\/2124"}],"wp:attachment":[{"href":"https:\/\/orionexpresscargo.com\/web\/wp-json\/wp\/v2\/media?parent=58"}],"curies":[{"name":"wp","href":"https:\/\/api.w.org\/{rel}","templated":true}]}}