{"id":74,"date":"2015-09-18T11:51:24","date_gmt":"2015-09-18T10:51:24","guid":{"rendered":"http:\/\/cargo.omnicom-dev.com\/transport-company\/?page_id=74"},"modified":"2024-12-30T11:46:23","modified_gmt":"2024-12-30T16:46:23","slug":"fletes-internacionales","status":"publish","type":"page","link":"https:\/\/orionexpresscargo.com\/web\/servicios\/fletes-internacionales\/","title":{"rendered":"Fletes Internacionales"},"content":{"rendered":"<div class=\"bt_rc_container\"><section id=\"bt_section69ea355b57f91\" data-parallax=\"0.1\" data-parallax-offset=\"-50\" class=\"boldSection topExtraSpaced bottomSpaced btDarkSkin gutter btMiddleVertical btParallax wBackground cover\" style=\"background-image:url('https:\/\/orionexpresscargo.com\/web\/wp-content\/uploads\/2015\/09\/Dark_Plane.jpg');\"><div class=\"port\"><div class=\"boldCell\"><div class=\"boldCellInner\"><div class=\"boldRow \" ><div class=\"rowItem col-md-12 col-ms-12  btTextLeft animate animate-fadein animate-moveleft inherit\"  ><div class=\"rowItemContent\"><header class=\"header btClear extralarge btDash bottomDash  btAccentDash btRegularTitle\" style=\"max-width: 800px;\"><div class=\"dash\"><h1><span class=\"headline\">FLETES INTERNACIONALES<\/span><\/h1><\/div><p class=\"btSubTitle\">Fletes en importaci\u00f3n y exportaci\u00f3n de cargas v\u00eda mar\u00edtima FCL &#8211; LCL, Break Bulk, Cargas Extra dimensionadas, RORO y a\u00e9reas, desde y hacia cualquier parte del mundo.<\/p><\/header><div class=\"btClear btSeparator bottomSemiSpaced noBorder\" ><hr><\/div><\/div><\/div><\/div><\/div><\/div><\/div><\/section><section id=\"bt_section69ea355b5823a\"  class=\"boldSection topSpaced bottomSemiSpaced gutter inherit\" ><div class=\"port\"><div class=\"boldCell\"><div class=\"boldCellInner\"><div class=\"boldRow \" ><div class=\"rowItem col-md-9 col-ms-12  btTextLeft\"  ><div class=\"rowItemContent\"><header class=\"header btClear medium  btAccentDash btRegularTitle\" ><p class=\"btSuperTitle\">SHIPPING BY PLANE<\/p><div class=\"dash\"><h3><span class=\"headline\">ENV\u00cdO POR AVI\u00d3N ENTREGAS A\u00c9REAS<\/span><\/h3><\/div><\/header><div class=\"btClear btSeparator topSmallSpaced noBorder\" ><hr><\/div><div class=\"btText\"><p>ORION EXPRESS A CARGO le ofrece soluciones para hacer sus env\u00edos de hasta 50 Kg (por unidad de empaque) en documentos o paquetes, desde cualquier Punto de Venta Deprisa de los aeropuertos, ya que entregamos su env\u00edo 150 minutos despu\u00e9s de la llegada del vuelo en el que viaja a la ciudad de destino.<\/p>\n<p>Recomendamos entregar sus env\u00edos en el aeropuerto de origen 90 minutos antes de la salida del vuelo. Su env\u00edo ser\u00e1 embarcado de acuerdo con la disponibilidad de cupo del vuelo.<\/p>\n<\/div><div class=\"btText\"><\/div><div class=\"btClear btSeparator topSmallSpaced noBorder\" ><hr><\/div><div class=\"slided smallSliderHeight btSliderHideArrows\"  data-slick='{\"autoplay\":true,\"autoplaySpeed\":3000,\"pauseOnHover\":false,\"pauseOnDotsHover\":true}'><div class=\"slidedItem firstItem\"  data-thumb=\"https:\/\/orionexpresscargo.com\/web\/wp-content\/uploads\/2015\/09\/shutterstock_177975590-320x213.jpg\"><div class=\"btSliderPort wBackground cover\" style=\"background-image: url('https:\/\/orionexpresscargo.com\/web\/wp-content\/uploads\/2015\/09\/shutterstock_177975590.jpg')\"><div class=\"btSliderCell\" data-slick=\"yes\"><div class=\"btSlideGutter\"><div class=\"btSlidePane\"><\/div><\/div><\/div><\/div><\/div><div class=\"slidedItem firstItem\"  data-thumb=\"https:\/\/orionexpresscargo.com\/web\/wp-content\/uploads\/2015\/09\/shutterstock_230851453-320x213.jpg\"><div class=\"btSliderPort wBackground cover\" style=\"background-image: url('https:\/\/orionexpresscargo.com\/web\/wp-content\/uploads\/2015\/09\/shutterstock_230851453.jpg')\"><div class=\"btSliderCell\" data-slick=\"yes\"><div class=\"btSlideGutter\"><div class=\"btSlidePane\"><\/div><\/div><\/div><\/div><\/div><div class=\"slidedItem firstItem\"  data-thumb=\"https:\/\/orionexpresscargo.com\/web\/wp-content\/uploads\/2015\/09\/shutterstock_150647810-320x213.jpg\"><div class=\"btSliderPort wBackground cover\" style=\"background-image: url('https:\/\/orionexpresscargo.com\/web\/wp-content\/uploads\/2015\/09\/shutterstock_150647810.jpg')\"><div class=\"btSliderCell\" data-slick=\"yes\"><div class=\"btSlideGutter\"><div class=\"btSlidePane\"><\/div><\/div><\/div><\/div><\/div><\/div><div class=\"btClear btSeparator topSemiSpaced noBorder\" ><hr><\/div><header class=\"header btClear medium  btAccentDash btRegularTitle\" ><p class=\"btSuperTitle\">SHIPPING BY PLANE<\/p><div class=\"dash\"><h3><span class=\"headline\">CARGA RAPIDA<\/span><\/h3><\/div><\/header><div class=\"btClear btSeparator topSmallSpaced noBorder\" ><hr><\/div><div class=\"btText\"><p>Con el r\u00e1pido desarrollo de la tecnolog\u00eda en nuestro mundo, el transporte, los viajes internacionales, las comunicaciones y las actividades comerciales se est\u00e1n generalizando y simplificando. Esta conveniencia y r\u00e1pida expansi\u00f3n crea la necesidad de transporte internacional de carga r\u00e1pida. Gracias a la relaci\u00f3n oferta-demanda, los precios y costos de la carga internacional en todo el mundo est\u00e1n disminuyendo d\u00eda a d\u00eda en comparaci\u00f3n con a\u00f1os anteriores. Adem\u00e1s de los costos, el criterio m\u00e1s importante en los env\u00edos r\u00e1pidos de carga al extranjero es el transporte r\u00e1pido de carga. Todos sus env\u00edos internacionales que desee realizar para fines personales y corporativos se entregan desde el pa\u00eds deseado al pa\u00eds deseado de la manera m\u00e1s r\u00e1pida y confiable. Las cargas internacionales individuales son generalmente; utilizado para tr\u00e1mites y documentos, env\u00edos personales, regalos, peque\u00f1as actividades propias de comercio electr\u00f3nico. Las cargas comerciales internacionales se utilizan para la exportaci\u00f3n de mercanc\u00edas, maquinaria, piezas, productos, materiales de muestra, documentos, equipos de exposici\u00f3n y actividades de comercio electr\u00f3nico a gran escala. Con el servicio de Transporte Internacional de Carga R\u00e1pida que brindamos se pueden realizar env\u00edos r\u00e1pidos que facilitar\u00e1n su trabajo y le ahorrar\u00e1n tiempo en cuanto a la planificaci\u00f3n de las estrategias de su empresa.<\/p>\n<\/div><\/div><\/div><div class=\"rowItem col-md-3 col-sm-6 col-ms-12 btTextLeft inherit btDoublePadding\"  ><div class=\"rowItemContent\"><header class=\"header btClear small  btAccentDash btRegularTitle\" ><p class=\"btSuperTitle\">READ MORE<\/p><div class=\"dash\"><h4><span class=\"headline\">Otro servicios<\/span><\/h4><\/div><\/header><div class=\"btCustomMenu \" ><div class=\"menu-services-menu-container\"><ul id=\"menu-services-menu\" class=\"menu\"><li id=\"menu-item-1152\" class=\"menu-item menu-item-type-post_type menu-item-object-page menu-item-1152\"><a href=\"https:\/\/orionexpresscargo.com\/web\/servicios\/trucking\/\" title=\"\t\t\t\t\t\t\">Transporte Terrestre<\/a><\/li><li id=\"menu-item-1150\" class=\"menu-item menu-item-type-post_type menu-item-object-page menu-item-1150\"><a href=\"https:\/\/orionexpresscargo.com\/web\/servicios\/fletes-internacionales\/\" title=\"\t\t\t\t\t\t\">Fletes Internacionales<\/a><\/li><li id=\"menu-item-1149\" class=\"menu-item menu-item-type-post_type menu-item-object-page menu-item-1149\"><a href=\"https:\/\/orionexpresscargo.com\/web\/servicios\/aduana\/\" title=\"\t\t\t\t\t\t\">COMERCIO EXTERIOR<\/a><\/li><li id=\"menu-item-2289\" class=\"menu-item menu-item-type-custom menu-item-object-custom menu-item-2289\"><a href=\"http:\/\/orionexpresscargo.com\/web\/currier\/\">CURRIER<\/a><\/li>\n<\/ul><\/div><\/div><div class=\"btClear btSeparator topSemiSpaced noBorder\" ><hr><\/div><div class=\"btClear btSeparator topExtraSmallSpaced noBorder\" ><hr><\/div><header class=\"header btClear small  btAccentDash btRegularTitle\" ><div class=\"dash\"><h4><span class=\"headline\">CONTACTENOS<\/span><\/h4><\/div><\/header><div class=\"btIconImageRow\" ><div class=\"btIco borderless extrasmall\"><span  data-ico-fa=\"&#xf098;\" class=\"btIcoHolder\"><span>CALL-CENTER: 6017441703<\/span><\/span><\/div><\/div><div class=\"btIconImageRow\" ><div class=\"btIco borderless extrasmall\"><span  data-ico-fa=\"&#xf0e0;\" class=\"btIcoHolder\"><span>PRICING@ORIONEXPRESSCARGO.COM<\/span><\/span><\/div><\/div><div class=\"btClear btSeparator topSmallSpaced noBorder\" ><hr><\/div><\/div><\/div><\/div><div class=\"boldRow \" ><div class=\"rowItem col-md-12 col-ms-12  btTextLeft\"  ><div class=\"rowItemContent\"><\/div><\/div><\/div><\/div><\/div><\/div><\/section><section id=\"bt_section69ea355b5bb49\"  class=\"boldSection bottomSpaced gutter inherit\" ><div class=\"port\"><div class=\"boldCell\"><div class=\"boldCellInner\"><div class=\"boldRow \" ><div class=\"rowItem col-md-3 col-sm-6 col-ms-12 btTextLeft animate animate-fadein btHighlight inherit\"  ><div class=\"rowItemContent\"><div class=\"btClear btSeparator topSemiSpaced noBorder\" ><hr><\/div><div class=\"servicesItem  mediumIcon borderlessIconType \"><div class=\"sIcon\"><div class=\"btIco medium borderless\"><span  data-ico-cs=\"&#xe629;\" class=\"btIcoHolder\"><\/span><\/div><\/div><div class=\"sTxt\"><header class=\"header btClear extrasmall\" ><div class=\"dash\"><h4><span class=\"headline\">ENVIO<\/span><\/h4><\/div><\/header><p>como empresa de env\u00edo de mercanc\u00eda, nos encontramos dispuestos a ofrecer un servicio de alta calidad y respaldo a cada uno de sus clientes. Las caracter\u00edsticas m\u00e1s prominentes de nuestra compa\u00f1\u00eda son las siguientes:\r<br>\r<br>Env\u00edos en el menor tiempo posible\r<br>Confianza en cada una de nuestras entregas\r<br>Red de agentes especializados para brindarles el mayor soporte si lo requieren\r<br>\r\n<br><\/p><\/div><\/div><div class=\"btClear btSeparator topSemiSpaced noBorder\" ><hr><\/div><\/div><\/div><div class=\"rowItem col-md-3 col-sm-6 col-ms-12 btTextLeft animate animate-fadein btHighlight inherit\"  ><div class=\"rowItemContent\"><div class=\"btClear btSeparator topSemiSpaced noBorder\" ><hr><\/div><div class=\"servicesItem  mediumIcon borderlessIconType \"><div class=\"sIcon\"><div class=\"btIco medium borderless\"><span  data-ico-cs=\"&#xe627;\" class=\"btIcoHolder\"><\/span><\/div><\/div><div class=\"sTxt\"><header class=\"header btClear extrasmall\" ><div class=\"dash\"><h4><span class=\"headline\">PROTECTION<\/span><\/h4><\/div><\/header><p>Contamos con la protecci\u00f3n que merece tu mercanc\u00eda <br><\/p><\/div><\/div><div class=\"btClear btSeparator topSemiSpaced noBorder\" ><hr><\/div><\/div><\/div><div class=\"rowItem col-md-3 col-sm-6 col-ms-12 btTextLeft animate animate-fadein btHighlight inherit\"  ><div class=\"rowItemContent\"><div class=\"btClear btSeparator topSemiSpaced noBorder\" ><hr><\/div><div class=\"servicesItem  mediumIcon borderlessIconType \"><div class=\"sIcon\"><div class=\"btIco medium borderless\"><span  data-ico-cs=\"&#xe61c;\" class=\"btIcoHolder\"><\/span><\/div><\/div><div class=\"sTxt\"><header class=\"header btClear extrasmall\" ><div class=\"dash\"><h4><span class=\"headline\">SEGUROS NACIONALES E INTERNACIONALES<\/span><\/h4><\/div><\/header><p>*Seguro de contenedor\r<br>*Blindar su carga de aver\u00eda gruesa\r<br>*Asesor\u00eda para la toma del seguro su carga\r<br>*Brindar tranquilidad requerida minimizando los riesgos\r<br>*Esquemas de seguridad que eliminan los riesgos inherentes a la carga.<br><\/p><\/div><\/div><div class=\"btClear btSeparator topSemiSpaced noBorder\" ><hr><\/div><\/div><\/div><div class=\"rowItem col-md-3 col-sm-6 col-ms-12 btTextLeft animate animate-fadein inherit btDoublePadding\"  ><div class=\"rowItemContent\"><div class=\"btClear btSeparator topSemiSpaced noBorder\" ><hr><\/div><header class=\"header btClear small  btAccentDash btRegularTitle\" ><p class=\"btSuperTitle\">ABOUT AIR CARGO<\/p><div class=\"dash\"><h4><span class=\"headline\">MAS DETALLES<\/span><\/h4><\/div><\/header><\/div><\/div><\/div><\/div><\/div><\/div><\/section><section id=\"bt_section69ea355b5beb6\"  class=\"boldSection btDarkSkin gutter inherit\" style=\"background-color:#0b61aa;\"><div class=\"port\"><div class=\"boldCell\"><div class=\"boldCellInner\"><div class=\"boldRow \" ><div class=\"rowItem col-md-12 col-ms-12  btTextLeft\"  ><div class=\"rowItemContent\"><div class=\"btClear btSeparator topSmallSpaced bottomSmallSpaced noBorder\" ><hr><\/div><\/div><\/div><\/div><div class=\"boldRow \" ><div class=\"rowItem col-md-9 col-ms-12  btTextLeft animate animate-fadein animate-moveright btMiddleVertical\"  ><div class=\"rowItemContent\"><header class=\"header btClear medium  btAccentDash btRegularTitle\" ><p class=\"btSuperTitle\">Not sure how much would it cost you?<\/p><div class=\"dash\"><h3><span class=\"headline\">Use our calculator to find out!<\/span><\/h3><\/div><\/header><\/div><\/div><div class=\"rowItem col-md-3 col-sm-6 col-ms-12 btTextRight animate animate-fadein animate-moveleft btMiddleVertical\"  ><div class=\"rowItemContent\"><div class=\"btBtn btBtn btnOutline btnLightColor btnBig btnNormal btnIco\" ><div class=\"btIco borderless extrasmall\"><a href=\"\/transport-company\/services\/cost-calculators\/air-cargo-cost-calculator\/\"  data-ico-fa=\"&#xf1ec;\" class=\"btIcoHolder\"><span>Calculator<\/span><\/a><\/div><\/div><\/div><\/div><\/div><div class=\"boldRow \" ><\/div><\/div><\/div><\/div><\/section><\/div>","protected":false},"excerpt":{"rendered":"","protected":false},"author":2,"featured_media":0,"parent":56,"menu_order":0,"comment_status":"closed","ping_status":"closed","template":"","meta":{"footnotes":""},"class_list":["post-74","page","type-page","status-publish","hentry"],"_links":{"self":[{"href":"https:\/\/orionexpresscargo.com\/web\/wp-json\/wp\/v2\/pages\/74","targetHints":{"allow":["GET"]}}],"collection":[{"href":"https:\/\/orionexpresscargo.com\/web\/wp-json\/wp\/v2\/pages"}],"about":[{"href":"https:\/\/orionexpresscargo.com\/web\/wp-json\/wp\/v2\/types\/page"}],"author":[{"embeddable":true,"href":"https:\/\/orionexpresscargo.com\/web\/wp-json\/wp\/v2\/users\/2"}],"replies":[{"embeddable":true,"href":"https:\/\/orionexpresscargo.com\/web\/wp-json\/wp\/v2\/comments?post=74"}],"version-history":[{"count":5,"href":"https:\/\/orionexpresscargo.com\/web\/wp-json\/wp\/v2\/pages\/74\/revisions"}],"predecessor-version":[{"id":2658,"href":"https:\/\/orionexpresscargo.com\/web\/wp-json\/wp\/v2\/pages\/74\/revisions\/2658"}],"up":[{"embeddable":true,"href":"https:\/\/orionexpresscargo.com\/web\/wp-json\/wp\/v2\/pages\/56"}],"wp:attachment":[{"href":"https:\/\/orionexpresscargo.com\/web\/wp-json\/wp\/v2\/media?parent=74"}],"curies":[{"name":"wp","href":"https:\/\/api.w.org\/{rel}","templated":true}]}}